{"id":57,"date":"2018-08-16T22:58:56","date_gmt":"2018-08-16T22:58:56","guid":{"rendered":"http:\/\/www.tarajales.net\/?page_id=57"},"modified":"2023-06-09T19:17:42","modified_gmt":"2023-06-09T19:17:42","slug":"anlage","status":"publish","type":"page","link":"http:\/\/www.tarajales.net\/fr_FR\/anlage\/","title":{"rendered":"Installations"},"content":{"rendered":"<div><\/div>\n<header>\n<\/header>\n<header><a href=\"http:\/\/www.tarajales.net\/wp-content\/uploads\/2018\/09\/Los-Tarajales-17-Large.jpg\"><img loading=\"lazy\" decoding=\"async\" class=\"alignleft size-medium wp-image-117\" src=\"http:\/\/www.tarajales.net\/wp-content\/uploads\/2018\/09\/Los-Tarajales-17-Large-300x198.jpg\" alt=\"\" width=\"300\" height=\"198\" srcset=\"http:\/\/www.tarajales.net\/wp-content\/uploads\/2018\/09\/Los-Tarajales-17-Large-300x198.jpg 300w, http:\/\/www.tarajales.net\/wp-content\/uploads\/2018\/09\/Los-Tarajales-17-Large-768x507.jpg 768w, http:\/\/www.tarajales.net\/wp-content\/uploads\/2018\/09\/Los-Tarajales-17-Large-1024x676.jpg 1024w, http:\/\/www.tarajales.net\/wp-content\/uploads\/2018\/09\/Los-Tarajales-17-Large.jpg 1636w\" sizes=\"auto, (max-width: 300px) 100vw, 300px\" \/><\/a>Nos horaires de r\u00e9ception:<\/p>\n<ul>\n<li><strong>Lundi \u00e0 Samedi: 08:00 \u00e0 16:00h.<\/strong><\/li>\n<li><strong>Mardi et Samedi: 08:00 \u00e0 16:00h.<\/strong><\/li>\n<li>\n<div id=\"tw-target-text-container\" class=\"tw-ta-container F0azHf tw-nfl\" tabindex=\"0\">\n<p id=\"tw-target-text\" class=\"tw-data-text tw-text-large tw-ta\" dir=\"ltr\" data-placeholder=\"Traducci\u00f3n\"><strong><span class=\"Y2IQFc\" lang=\"fr\">Dimanche ferm\u00e9<\/span><\/strong><\/p>\n<\/div>\n<div id=\"tw-target-rmn-container\" class=\"tw-target-rmn tw-ta-container F0azHf tw-nfl\">\n<pre id=\"tw-target-rmn\" class=\"tw-data-placeholder tw-text-small tw-ta\" dir=\"ltr\" data-placeholder=\"\"><\/pre>\n<\/div>\n<\/li>\n<\/ul>\n<h1 class=\"title\">Piscine<\/h1>\n<\/header>\n<div class=\"content clearfix\">Los Tarajales, situ\u00e9 en front de mer entre deux plages, est un magnifique et tranquil complexe d&#8217;ambience familialle. Dans l&#8217;instalation, vous pouriez vous b\u00e9n\u00e9ficier de deux piscines d&#8217;eau sal\u00e9e, une destin\u00e9 aux adultes et une autre pour les plus petits.<\/div>\n<div class=\"content clearfix\"><strong>PISCINE<\/strong><\/div>\n<div><a href=\"http:\/\/www.tarajales.net\/wp-content\/uploads\/2018\/08\/piscina.jpg\"><img loading=\"lazy\" decoding=\"async\" class=\"alignleft size-medium wp-image-41\" src=\"http:\/\/www.tarajales.net\/wp-content\/uploads\/2018\/08\/piscina-300x200.jpg\" alt=\"\" width=\"300\" height=\"200\" srcset=\"http:\/\/www.tarajales.net\/wp-content\/uploads\/2018\/08\/piscina-300x200.jpg 300w, http:\/\/www.tarajales.net\/wp-content\/uploads\/2018\/08\/piscina.jpg 640w\" sizes=\"auto, (max-width: 300px) 100vw, 300px\" \/><\/a> <a href=\"http:\/\/www.tarajales.net\/wp-content\/uploads\/2018\/08\/piscina_7.jpg\"><img loading=\"lazy\" decoding=\"async\" class=\"alignleft size-medium wp-image-42\" src=\"http:\/\/www.tarajales.net\/wp-content\/uploads\/2018\/08\/piscina_7-300x200.jpg\" alt=\"\" width=\"300\" height=\"200\" srcset=\"http:\/\/www.tarajales.net\/wp-content\/uploads\/2018\/08\/piscina_7-300x200.jpg 300w, http:\/\/www.tarajales.net\/wp-content\/uploads\/2018\/08\/piscina_7.jpg 640w\" sizes=\"auto, (max-width: 300px) 100vw, 300px\" \/><\/a><\/div>\n<div class=\"content clearfix\"><\/div>\n<div><\/div>\n<div><\/div>\n<div><\/div>\n<div><\/div>\n<div><\/div>\n<div><\/div>\n<div><\/div>\n<div class=\"content clearfix\"><strong>JARDINS<\/strong><\/div>\n<div><a href=\"http:\/\/www.tarajales.net\/wp-content\/uploads\/2018\/09\/Los-Tarajales-21-Large.jpg\"><img loading=\"lazy\" decoding=\"async\" class=\"alignleft size-medium wp-image-121\" src=\"http:\/\/www.tarajales.net\/wp-content\/uploads\/2018\/09\/Los-Tarajales-21-Large-300x200.jpg\" alt=\"\" width=\"300\" height=\"200\" srcset=\"http:\/\/www.tarajales.net\/wp-content\/uploads\/2018\/09\/Los-Tarajales-21-Large-300x200.jpg 300w, http:\/\/www.tarajales.net\/wp-content\/uploads\/2018\/09\/Los-Tarajales-21-Large-768x512.jpg 768w, http:\/\/www.tarajales.net\/wp-content\/uploads\/2018\/09\/Los-Tarajales-21-Large-1024x683.jpg 1024w, http:\/\/www.tarajales.net\/wp-content\/uploads\/2018\/09\/Los-Tarajales-21-Large-750x500.jpg 750w, http:\/\/www.tarajales.net\/wp-content\/uploads\/2018\/09\/Los-Tarajales-21-Large.jpg 1620w\" sizes=\"auto, (max-width: 300px) 100vw, 300px\" \/><\/a> <a href=\"http:\/\/www.tarajales.net\/wp-content\/uploads\/2018\/09\/Los-Tarajales-27-Large.jpg\"><img loading=\"lazy\" decoding=\"async\" class=\"alignleft size-medium wp-image-127\" src=\"http:\/\/www.tarajales.net\/wp-content\/uploads\/2018\/09\/Los-Tarajales-27-Large-300x200.jpg\" alt=\"\" width=\"300\" height=\"200\" srcset=\"http:\/\/www.tarajales.net\/wp-content\/uploads\/2018\/09\/Los-Tarajales-27-Large-300x200.jpg 300w, http:\/\/www.tarajales.net\/wp-content\/uploads\/2018\/09\/Los-Tarajales-27-Large-768x512.jpg 768w, http:\/\/www.tarajales.net\/wp-content\/uploads\/2018\/09\/Los-Tarajales-27-Large-1024x683.jpg 1024w, http:\/\/www.tarajales.net\/wp-content\/uploads\/2018\/09\/Los-Tarajales-27-Large-750x500.jpg 750w, http:\/\/www.tarajales.net\/wp-content\/uploads\/2018\/09\/Los-Tarajales-27-Large.jpg 1620w\" sizes=\"auto, (max-width: 300px) 100vw, 300px\" \/><\/a> <a href=\"http:\/\/www.tarajales.net\/wp-content\/uploads\/2018\/09\/Los-Tarajales-20-Large.jpg\"><img loading=\"lazy\" decoding=\"async\" class=\"alignleft size-medium wp-image-120\" src=\"http:\/\/www.tarajales.net\/wp-content\/uploads\/2018\/09\/Los-Tarajales-20-Large-300x200.jpg\" alt=\"\" width=\"300\" height=\"200\" srcset=\"http:\/\/www.tarajales.net\/wp-content\/uploads\/2018\/09\/Los-Tarajales-20-Large-300x200.jpg 300w, http:\/\/www.tarajales.net\/wp-content\/uploads\/2018\/09\/Los-Tarajales-20-Large-768x512.jpg 768w, http:\/\/www.tarajales.net\/wp-content\/uploads\/2018\/09\/Los-Tarajales-20-Large-1024x683.jpg 1024w, http:\/\/www.tarajales.net\/wp-content\/uploads\/2018\/09\/Los-Tarajales-20-Large-750x500.jpg 750w, http:\/\/www.tarajales.net\/wp-content\/uploads\/2018\/09\/Los-Tarajales-20-Large.jpg 1620w\" sizes=\"auto, (max-width: 300px) 100vw, 300px\" \/><\/a> <a href=\"http:\/\/www.tarajales.net\/wp-content\/uploads\/2018\/09\/Los-Tarajales-17-Large.jpg\"><img loading=\"lazy\" decoding=\"async\" class=\"alignleft size-medium wp-image-117\" src=\"http:\/\/www.tarajales.net\/wp-content\/uploads\/2018\/09\/Los-Tarajales-17-Large-300x198.jpg\" alt=\"\" width=\"300\" height=\"198\" srcset=\"http:\/\/www.tarajales.net\/wp-content\/uploads\/2018\/09\/Los-Tarajales-17-Large-300x198.jpg 300w, http:\/\/www.tarajales.net\/wp-content\/uploads\/2018\/09\/Los-Tarajales-17-Large-768x507.jpg 768w, http:\/\/www.tarajales.net\/wp-content\/uploads\/2018\/09\/Los-Tarajales-17-Large-1024x676.jpg 1024w, http:\/\/www.tarajales.net\/wp-content\/uploads\/2018\/09\/Los-Tarajales-17-Large.jpg 1636w\" sizes=\"auto, (max-width: 300px) 100vw, 300px\" \/><\/a><\/div>\n<div><\/div>\n","protected":false},"excerpt":{"rendered":"<div><\/div>\n<header>\n<header><a href=\"http:\/\/www.tarajales.net\/wp-content\/uploads\/2018\/09\/Los-Tarajales-17-Large.jpg\"><img decoding=\"async\" class=\"alignleft size-medium wp-image-117\" src=\"http:\/\/www.tarajales.net\/wp-content\/uploads\/2018\/09\/Los-Tarajales-17-Large-300x...\n<\/p>\n","protected":false},"author":1,"featured_media":0,"parent":0,"menu_order":2,"comment_status":"closed","ping_status":"closed","template":"","meta":{"footnotes":""},"class_list":["post-57","page","type-page","status-publish","hentry"],"_links":{"self":[{"href":"http:\/\/www.tarajales.net\/fr_FR\/wp-json\/wp\/v2\/pages\/57","targetHints":{"allow":["GET"]}}],"collection":[{"href":"http:\/\/www.tarajales.net\/fr_FR\/wp-json\/wp\/v2\/pages"}],"about":[{"href":"http:\/\/www.tarajales.net\/fr_FR\/wp-json\/wp\/v2\/types\/page"}],"author":[{"embeddable":true,"href":"http:\/\/www.tarajales.net\/fr_FR\/wp-json\/wp\/v2\/users\/1"}],"replies":[{"embeddable":true,"href":"http:\/\/www.tarajales.net\/fr_FR\/wp-json\/wp\/v2\/comments?post=57"}],"version-history":[{"count":43,"href":"http:\/\/www.tarajales.net\/fr_FR\/wp-json\/wp\/v2\/pages\/57\/revisions"}],"predecessor-version":[{"id":345,"href":"http:\/\/www.tarajales.net\/fr_FR\/wp-json\/wp\/v2\/pages\/57\/revisions\/345"}],"wp:attachment":[{"href":"http:\/\/www.tarajales.net\/fr_FR\/wp-json\/wp\/v2\/media?parent=57"}],"curies":[{"name":"wp","href":"https:\/\/api.w.org\/{rel}","templated":true}]}}