{"id":52,"date":"2018-08-16T22:53:38","date_gmt":"2018-08-16T22:53:38","guid":{"rendered":"http:\/\/www.tarajales.net\/?page_id=52"},"modified":"2023-06-10T01:57:06","modified_gmt":"2023-06-10T01:57:06","slug":"apartments","status":"publish","type":"page","link":"http:\/\/www.tarajales.net\/fr_FR\/apartments\/","title":{"rendered":"Appartements et studios"},"content":{"rendered":"<p><a href=\"http:\/\/www.tarajales.net\/wp-content\/uploads\/2018\/08\/DSC_0443-Copiar.jpg\"><img loading=\"lazy\" decoding=\"async\" class=\"wp-image-22 alignleft\" src=\"http:\/\/www.tarajales.net\/wp-content\/uploads\/2018\/08\/DSC_0443-Copiar.jpg\" alt=\"\" width=\"218\" height=\"145\" srcset=\"http:\/\/www.tarajales.net\/wp-content\/uploads\/2018\/08\/DSC_0443-Copiar.jpg 2304w, http:\/\/www.tarajales.net\/wp-content\/uploads\/2018\/08\/DSC_0443-Copiar-300x200.jpg 300w, http:\/\/www.tarajales.net\/wp-content\/uploads\/2018\/08\/DSC_0443-Copiar-768x512.jpg 768w, http:\/\/www.tarajales.net\/wp-content\/uploads\/2018\/08\/DSC_0443-Copiar-1024x683.jpg 1024w\" sizes=\"auto, (max-width: 218px) 100vw, 218px\" \/><\/a> Le complexe Los Tarajales dispose de 20 apartements et 20 studios. Il sont tous equip\u00e9s d&#8217;une salle de bain, cuisine, t\u00e9l\u00e9phone, T\u00e9l\u00e9 sat\u00e9lite et terrasse ameubl\u00e9e avec vue sur la mer.<\/p>\n<p>Un coffre-fort (service payant) et un berceau est mis a votre disposition sur demande.<\/p>\n<p>Le service de m\u00e9nage est effectu\u00e9 le troisi\u00e8me jour de l&#8217;arriv\u00e9e et 5 fois par semaine.<\/p>\n<p>Check in 15h00 et Check out 11h00. S&#8217;il y a une disponibilit\u00e9 pour un d\u00e9part tardif, le co\u00fbt est de 30 \u20ac et utilisez nos installations jusqu&#8217;\u00e0 17h00.<\/p>\n<p>Les animaux sont interdits.<\/p>\n<div id='gallery-1' class='gallery galleryid-52 gallery-columns-2 gallery-size-large'><figure class='gallery-item'>\n\t\t\t<div class='gallery-icon landscape'>\n\t\t\t\t<a href='http:\/\/www.tarajales.net\/fr_FR\/los-tarajales-15-large\/'><img loading=\"lazy\" decoding=\"async\" width=\"640\" height=\"427\" src=\"http:\/\/www.tarajales.net\/wp-content\/uploads\/2018\/09\/Los-Tarajales-15-Large-1024x683.jpg\" class=\"attachment-large size-large\" alt=\"\" srcset=\"http:\/\/www.tarajales.net\/wp-content\/uploads\/2018\/09\/Los-Tarajales-15-Large-1024x683.jpg 1024w, http:\/\/www.tarajales.net\/wp-content\/uploads\/2018\/09\/Los-Tarajales-15-Large-300x200.jpg 300w, http:\/\/www.tarajales.net\/wp-content\/uploads\/2018\/09\/Los-Tarajales-15-Large-768x512.jpg 768w, http:\/\/www.tarajales.net\/wp-content\/uploads\/2018\/09\/Los-Tarajales-15-Large-750x500.jpg 750w, http:\/\/www.tarajales.net\/wp-content\/uploads\/2018\/09\/Los-Tarajales-15-Large.jpg 1620w\" sizes=\"auto, (max-width: 640px) 100vw, 640px\" \/><\/a>\n\t\t\t<\/div><\/figure><figure class='gallery-item'>\n\t\t\t<div class='gallery-icon landscape'>\n\t\t\t\t<a href='http:\/\/www.tarajales.net\/fr_FR\/los-tarajales-6-large\/'><img loading=\"lazy\" decoding=\"async\" width=\"640\" height=\"427\" src=\"http:\/\/www.tarajales.net\/wp-content\/uploads\/2018\/09\/Los-Tarajales-6-Large-1024x683.jpg\" class=\"attachment-large size-large\" alt=\"\" srcset=\"http:\/\/www.tarajales.net\/wp-content\/uploads\/2018\/09\/Los-Tarajales-6-Large-1024x683.jpg 1024w, http:\/\/www.tarajales.net\/wp-content\/uploads\/2018\/09\/Los-Tarajales-6-Large-300x200.jpg 300w, http:\/\/www.tarajales.net\/wp-content\/uploads\/2018\/09\/Los-Tarajales-6-Large-768x512.jpg 768w, http:\/\/www.tarajales.net\/wp-content\/uploads\/2018\/09\/Los-Tarajales-6-Large-750x500.jpg 750w, http:\/\/www.tarajales.net\/wp-content\/uploads\/2018\/09\/Los-Tarajales-6-Large.jpg 1620w\" sizes=\"auto, (max-width: 640px) 100vw, 640px\" \/><\/a>\n\t\t\t<\/div><\/figure><figure class='gallery-item'>\n\t\t\t<div class='gallery-icon landscape'>\n\t\t\t\t<a href='http:\/\/www.tarajales.net\/fr_FR\/los-tarajales-10-large\/'><img loading=\"lazy\" decoding=\"async\" width=\"640\" height=\"427\" src=\"http:\/\/www.tarajales.net\/wp-content\/uploads\/2018\/09\/Los-Tarajales-10-Large-1024x683.jpg\" class=\"attachment-large size-large\" alt=\"\" srcset=\"http:\/\/www.tarajales.net\/wp-content\/uploads\/2018\/09\/Los-Tarajales-10-Large-1024x683.jpg 1024w, http:\/\/www.tarajales.net\/wp-content\/uploads\/2018\/09\/Los-Tarajales-10-Large-300x200.jpg 300w, http:\/\/www.tarajales.net\/wp-content\/uploads\/2018\/09\/Los-Tarajales-10-Large-768x512.jpg 768w, http:\/\/www.tarajales.net\/wp-content\/uploads\/2018\/09\/Los-Tarajales-10-Large-750x500.jpg 750w, http:\/\/www.tarajales.net\/wp-content\/uploads\/2018\/09\/Los-Tarajales-10-Large.jpg 1620w\" sizes=\"auto, (max-width: 640px) 100vw, 640px\" \/><\/a>\n\t\t\t<\/div><\/figure><figure class='gallery-item'>\n\t\t\t<div class='gallery-icon landscape'>\n\t\t\t\t<a href='http:\/\/www.tarajales.net\/fr_FR\/dsc_0459-copiar\/'><img loading=\"lazy\" decoding=\"async\" width=\"640\" height=\"427\" src=\"http:\/\/www.tarajales.net\/wp-content\/uploads\/2018\/08\/DSC_0459-Copiar-1024x683.jpg\" class=\"attachment-large size-large\" alt=\"\" srcset=\"http:\/\/www.tarajales.net\/wp-content\/uploads\/2018\/08\/DSC_0459-Copiar-1024x683.jpg 1024w, http:\/\/www.tarajales.net\/wp-content\/uploads\/2018\/08\/DSC_0459-Copiar-300x200.jpg 300w, http:\/\/www.tarajales.net\/wp-content\/uploads\/2018\/08\/DSC_0459-Copiar-768x512.jpg 768w\" sizes=\"auto, (max-width: 640px) 100vw, 640px\" \/><\/a>\n\t\t\t<\/div><\/figure><figure class='gallery-item'>\n\t\t\t<div class='gallery-icon landscape'>\n\t\t\t\t<a href='http:\/\/www.tarajales.net\/fr_FR\/dsc_0462-copiar\/'><img loading=\"lazy\" decoding=\"async\" width=\"640\" height=\"427\" src=\"http:\/\/www.tarajales.net\/wp-content\/uploads\/2018\/08\/DSC_0462-Copiar-1024x683.jpg\" class=\"attachment-large size-large\" alt=\"\" srcset=\"http:\/\/www.tarajales.net\/wp-content\/uploads\/2018\/08\/DSC_0462-Copiar-1024x683.jpg 1024w, http:\/\/www.tarajales.net\/wp-content\/uploads\/2018\/08\/DSC_0462-Copiar-300x200.jpg 300w, http:\/\/www.tarajales.net\/wp-content\/uploads\/2018\/08\/DSC_0462-Copiar-768x512.jpg 768w\" sizes=\"auto, (max-width: 640px) 100vw, 640px\" \/><\/a>\n\t\t\t<\/div><\/figure><figure class='gallery-item'>\n\t\t\t<div class='gallery-icon landscape'>\n\t\t\t\t<a href='http:\/\/www.tarajales.net\/fr_FR\/los-tarajales-16-large\/'><img loading=\"lazy\" decoding=\"async\" width=\"640\" height=\"427\" src=\"http:\/\/www.tarajales.net\/wp-content\/uploads\/2018\/09\/Los-Tarajales-16-Large-1024x683.jpg\" class=\"attachment-large size-large\" alt=\"\" srcset=\"http:\/\/www.tarajales.net\/wp-content\/uploads\/2018\/09\/Los-Tarajales-16-Large-1024x683.jpg 1024w, http:\/\/www.tarajales.net\/wp-content\/uploads\/2018\/09\/Los-Tarajales-16-Large-300x200.jpg 300w, http:\/\/www.tarajales.net\/wp-content\/uploads\/2018\/09\/Los-Tarajales-16-Large-768x512.jpg 768w, http:\/\/www.tarajales.net\/wp-content\/uploads\/2018\/09\/Los-Tarajales-16-Large-750x500.jpg 750w, http:\/\/www.tarajales.net\/wp-content\/uploads\/2018\/09\/Los-Tarajales-16-Large.jpg 1620w\" sizes=\"auto, (max-width: 640px) 100vw, 640px\" \/><\/a>\n\t\t\t<\/div><\/figure><figure class='gallery-item'>\n\t\t\t<div class='gallery-icon landscape'>\n\t\t\t\t<a href='http:\/\/www.tarajales.net\/fr_FR\/dsc_0471-copiar\/'><img loading=\"lazy\" decoding=\"async\" width=\"640\" height=\"427\" src=\"http:\/\/www.tarajales.net\/wp-content\/uploads\/2018\/08\/DSC_0471-Copiar-1024x683.jpg\" class=\"attachment-large size-large\" alt=\"\" srcset=\"http:\/\/www.tarajales.net\/wp-content\/uploads\/2018\/08\/DSC_0471-Copiar-1024x683.jpg 1024w, http:\/\/www.tarajales.net\/wp-content\/uploads\/2018\/08\/DSC_0471-Copiar-300x200.jpg 300w, http:\/\/www.tarajales.net\/wp-content\/uploads\/2018\/08\/DSC_0471-Copiar-768x512.jpg 768w\" sizes=\"auto, (max-width: 640px) 100vw, 640px\" \/><\/a>\n\t\t\t<\/div><\/figure><figure class='gallery-item'>\n\t\t\t<div class='gallery-icon landscape'>\n\t\t\t\t<a href='http:\/\/www.tarajales.net\/fr_FR\/apartments\/attachment\/dsc_0445-copiar\/'><img loading=\"lazy\" decoding=\"async\" width=\"640\" height=\"427\" src=\"http:\/\/www.tarajales.net\/wp-content\/uploads\/2018\/08\/DSC_0445-Copiar-1024x683.jpg\" class=\"attachment-large size-large\" alt=\"\" srcset=\"http:\/\/www.tarajales.net\/wp-content\/uploads\/2018\/08\/DSC_0445-Copiar-1024x683.jpg 1024w, http:\/\/www.tarajales.net\/wp-content\/uploads\/2018\/08\/DSC_0445-Copiar-300x200.jpg 300w, http:\/\/www.tarajales.net\/wp-content\/uploads\/2018\/08\/DSC_0445-Copiar-768x512.jpg 768w\" sizes=\"auto, (max-width: 640px) 100vw, 640px\" \/><\/a>\n\t\t\t<\/div><\/figure>\n\t\t<\/div>\n\n\n\n<p><\/p>\n","protected":false},"excerpt":{"rendered":"<p><a href=\"http:\/\/www.tarajales.net\/wp-content\/uploads\/2018\/08\/DSC_0443-Copiar.jpg\"><img loading=\"lazy\" decoding=\"async\" class=\"wp-image-22 alignleft\" src=\"http:\/\/www.tarajales.net\/wp-content\/uploads\/2018\/08\/DSC_0443-Copiar.jpg\" alt=\"\" width=\"218\" height=\"145\" srcset=\"http:\/\/www.tarajales.net\/wp-content\/uploads\/2018\/08\/DSC_0443-Copiar.jpg 2304w, http:\/\/www.tarajales.net\/wp-content\/uploads\/2018\/08\/DSC_0443-Copiar-300x200.jpg 300w, http:\/\/www.tarajales.net\/wp-content\/uploads\/2018\/08\/DSC_0443-Copiar-768x512.jpg 768w, http:\/\/www.tarajales.net\/wp-content\/uploads\/2018\/08\/DSC_0443-Copiar-1024x683.jpg 1024w\" sizes=\"auto, (max-width: 218px) 100vw, 218px\" \/><\/a> Le complexe Los&#8230;<\/p>\n","protected":false},"author":1,"featured_media":0,"parent":0,"menu_order":1,"comment_status":"closed","ping_status":"closed","template":"template-fullwidth.php","meta":{"footnotes":""},"class_list":["post-52","page","type-page","status-publish","hentry"],"_links":{"self":[{"href":"http:\/\/www.tarajales.net\/fr_FR\/wp-json\/wp\/v2\/pages\/52","targetHints":{"allow":["GET"]}}],"collection":[{"href":"http:\/\/www.tarajales.net\/fr_FR\/wp-json\/wp\/v2\/pages"}],"about":[{"href":"http:\/\/www.tarajales.net\/fr_FR\/wp-json\/wp\/v2\/types\/page"}],"author":[{"embeddable":true,"href":"http:\/\/www.tarajales.net\/fr_FR\/wp-json\/wp\/v2\/users\/1"}],"replies":[{"embeddable":true,"href":"http:\/\/www.tarajales.net\/fr_FR\/wp-json\/wp\/v2\/comments?post=52"}],"version-history":[{"count":38,"href":"http:\/\/www.tarajales.net\/fr_FR\/wp-json\/wp\/v2\/pages\/52\/revisions"}],"predecessor-version":[{"id":354,"href":"http:\/\/www.tarajales.net\/fr_FR\/wp-json\/wp\/v2\/pages\/52\/revisions\/354"}],"wp:attachment":[{"href":"http:\/\/www.tarajales.net\/fr_FR\/wp-json\/wp\/v2\/media?parent=52"}],"curies":[{"name":"wp","href":"https:\/\/api.w.org\/{rel}","templated":true}]}}