{"id":204,"date":"2018-10-14T18:46:12","date_gmt":"2018-10-14T18:46:12","guid":{"rendered":"http:\/\/www.tarajales.net\/?page_id=204"},"modified":"2018-10-19T11:44:11","modified_gmt":"2018-10-19T11:44:11","slug":"politica-de-privacidad","status":"publish","type":"page","link":"http:\/\/www.tarajales.net\/fr_FR\/politica-de-privacidad\/","title":{"rendered":"Politique de confidentialit\u00e9"},"content":{"rendered":"<p>RESPONSABLE: Apartamentos Los Tarajales S.L.<\/p>\n<p>FINALIDAD:<\/p>\n<ul>\n<li>Realizar las gestiones comerciales y administrativas necesarias con los usuarios de la web<\/li>\n<li>Remitir las comunicaciones comerciales publicitarias por email, fax, SMS, MMS, comunidades sociales o cualquiera otro medio electr\u00f3nico o f\u00edsico (si ha aceptado previamente)<\/li>\n<li>Responder a las consultas y\/o proporcionar informaciones requeridas por el Usuario<\/li>\n<\/ul>\n<p>DESTINATARIOS DE CESIONES Y TRANSFERENCIAS INTERNACIONALES: Sus datos no se ceder\u00e1n a terceros excepto por obligaci\u00f3n legal. No se har\u00e1n transferencias internacionales sin su consentimiento previo.<\/p>\n<p>DERECHOS: Acceder, rectificar, y cancelar los datos, as\u00ed como los otros derechos indicados en la informaci\u00f3n adicional.<br \/>\nCONSERVACI\u00d3N: Sus datos se mantendr\u00e1n en los registros de tratamiento de nuestra titularidad mientras su conservaci\u00f3n sea necesaria para atender la finalidad que motiv\u00f3 su recogida, as\u00ed como durante el plazo de atenci\u00f3n de posibles obligaciones legales.<\/p>\n<p>Puede consultar la informaci\u00f3n adicional y detallada sobre Protecci\u00f3n de Datos en nuestra p\u00e1gina web:<\/p>\n<p>\u2022 Pol\u00edtica de privacidad: <a href=\"http:\/\/www.tarajales.net\/es_ES\/politica-de-privacidad\/\" target=\"_blank\" rel=\"noopener\">www.tarajales.net\/politica-de-privacidad<\/a><\/p>\n<p>\u2022 Aviso Legal: <a href=\"http:\/\/www.tarajales.net\/es_ES\/avisolegal\/\" target=\"_blank\" rel=\"noopener\">www.tarajales.net\/avisolegal<\/a><\/p>\n","protected":false},"excerpt":{"rendered":"<p>RESPONSABLE: Apartamentos Los Tarajales S.L. FINALIDAD: Realizar las gestiones comerciales y administrativas necesarias con los usuarios de la web Remitir las comunicaciones comerciales publicitarias por email, fax, SMS, MMS, comunidades sociales o cualquiera otro medio electr\u00f3nico o f\u00edsico (si ha aceptado previamente) Responder a las consultas y\/o proporcionar informaciones requeridas por el Usuario DESTINATARIOS DE <a href=\"http:\/\/www.tarajales.net\/fr_FR\/politica-de-privacidad\/\" rel=\"nofollow\"><span class=\"sr-only\">Leer m\u00e1sPolitique de confidentialit\u00e9<\/span>[&hellip;]<\/a><\/p>\n","protected":false},"author":1,"featured_media":0,"parent":0,"menu_order":0,"comment_status":"closed","ping_status":"closed","template":"","meta":{"footnotes":""},"class_list":["post-204","page","type-page","status-publish","hentry"],"_links":{"self":[{"href":"http:\/\/www.tarajales.net\/fr_FR\/wp-json\/wp\/v2\/pages\/204","targetHints":{"allow":["GET"]}}],"collection":[{"href":"http:\/\/www.tarajales.net\/fr_FR\/wp-json\/wp\/v2\/pages"}],"about":[{"href":"http:\/\/www.tarajales.net\/fr_FR\/wp-json\/wp\/v2\/types\/page"}],"author":[{"embeddable":true,"href":"http:\/\/www.tarajales.net\/fr_FR\/wp-json\/wp\/v2\/users\/1"}],"replies":[{"embeddable":true,"href":"http:\/\/www.tarajales.net\/fr_FR\/wp-json\/wp\/v2\/comments?post=204"}],"version-history":[{"count":4,"href":"http:\/\/www.tarajales.net\/fr_FR\/wp-json\/wp\/v2\/pages\/204\/revisions"}],"predecessor-version":[{"id":285,"href":"http:\/\/www.tarajales.net\/fr_FR\/wp-json\/wp\/v2\/pages\/204\/revisions\/285"}],"wp:attachment":[{"href":"http:\/\/www.tarajales.net\/fr_FR\/wp-json\/wp\/v2\/media?parent=204"}],"curies":[{"name":"wp","href":"https:\/\/api.w.org\/{rel}","templated":true}]}}