{"id":65,"date":"2018-08-16T23:02:29","date_gmt":"2018-08-16T23:02:29","guid":{"rendered":"http:\/\/www.tarajales.net\/?page_id=65"},"modified":"2018-10-19T14:22:56","modified_gmt":"2018-10-19T14:22:56","slug":"65-2","status":"publish","type":"page","link":"http:\/\/www.tarajales.net\/en_GB\/65-2\/","title":{"rendered":"Contact"},"content":{"rendered":"<div class=\"address\">\n<h3>Address<\/h3>\n<ul class=\"blank\">\n<li class=\"street\">Carretera Playa del Ingl\u00e9s, 9<\/li>\n<li class=\"suburb\">Valle Gran Rey<\/li>\n<li class=\"state\">La Gomera, Tenerife<\/li>\n<li class=\"postcode\">38870<\/li>\n<li class=\"country\">Spain<\/li>\n<\/ul>\n<\/div>\n<div class=\"contact\">\n<h3>Contact<\/h3>\n<ul class=\"blank\">\n<li>+34 922 80 53 25 \/ 80 53 01<\/li>\n<li>+34 922 80 56 53<\/li>\n<li><a href=\"http:\/\/www.tarajales.net\" target=\"_blank\" rel=\"noopener\">http:\/\/www.tarajales.net<\/a><\/li>\n<\/ul>\n<\/div>\n<div class=\"wpforms-container wpforms-container-full\" id=\"wpforms-147\"><form id=\"wpforms-form-147\" class=\"wpforms-validate wpforms-form\" data-formid=\"147\" method=\"post\" enctype=\"multipart\/form-data\" action=\"\/en_GB\/wp-json\/wp\/v2\/pages\/65\" data-token=\"5dce19e610e0128297f265f28b780e34\"><noscript class=\"wpforms-error-noscript\">Por favor, activa JavaScript en tu navegador para completar este formulario.<\/noscript><div class=\"wpforms-field-container\"><div id=\"wpforms-147-field_0-container\" class=\"wpforms-field wpforms-field-name\" data-field-id=\"0\"><label class=\"wpforms-field-label\" for=\"wpforms-147-field_0\">Nombre\/Name <span class=\"wpforms-required-label\">*<\/span><\/label><input type=\"text\" id=\"wpforms-147-field_0\" class=\"wpforms-field-medium wpforms-field-required\" name=\"wpforms[fields][0]\" required><\/div><div id=\"wpforms-147-field_1-container\" class=\"wpforms-field wpforms-field-email\" data-field-id=\"1\"><label class=\"wpforms-field-label\" for=\"wpforms-147-field_1\">Email <span class=\"wpforms-required-label\">*<\/span><\/label><input type=\"email\" id=\"wpforms-147-field_1\" class=\"wpforms-field-medium wpforms-field-required\" name=\"wpforms[fields][1]\" spellcheck=\"false\" required><\/div><div id=\"wpforms-147-field_2-container\" class=\"wpforms-field wpforms-field-textarea\" data-field-id=\"2\"><label class=\"wpforms-field-label\" for=\"wpforms-147-field_2\">Comentario\/Comment <span class=\"wpforms-required-label\">*<\/span><\/label><textarea id=\"wpforms-147-field_2\" class=\"wpforms-field-medium wpforms-field-required\" name=\"wpforms[fields][2]\" required><\/textarea><\/div><div id=\"wpforms-147-field_3-container\" class=\"wpforms-field wpforms-field-checkbox\" data-field-id=\"3\"><label class=\"wpforms-field-label\" for=\"wpforms-147-field_3\">Checkboxes <span class=\"wpforms-required-label\">*<\/span><\/label><ul id=\"wpforms-147-field_3\" class=\"wpforms-field-required\"><li class=\"choice-1 depth-1\"><input type=\"checkbox\" id=\"wpforms-147-field_3_1\" name=\"wpforms[fields][3][]\" value=\"He le\u00eddo y acepto las condiciones de privacidad. I have read and I accept the privacy conditions\" required ><label class=\"wpforms-field-label-inline\" for=\"wpforms-147-field_3_1\">He le\u00eddo y acepto las condiciones de privacidad. I have read and I accept the privacy conditions<\/label><\/li><\/ul><div class=\"wpforms-field-description wpforms-disclaimer-description\">Los datos personales que facilites, ser\u00e1n incorporados a un registro de actividades de tratamiento de datos personales, cuyo responsable es Apartamentos Los Tarajales S.L. La finalidad principal de recogida es la gesti\u00f3n de la consulta recibida. No se ceder\u00e1n datos a terceros, salvo obligaci\u00f3n legal. Tiene derecho a acceder, rectificar y suprimir los datos, as\u00ed como otros derechos, escribiendo a info@tarajales.net, como se explica en la pol\u00edtica de privacidad completa. Si no facilitas los datos solicitados como obligatorios, puede dar como resultado no poder cumplir con la finalidad para los que se solicitan.<\/div><\/div><\/div><!-- .wpforms-field-container --><div class=\"wpforms-field wpforms-field-hp\"><label for=\"wpforms-147-field-hp\" class=\"wpforms-field-label\">Email<\/label><input type=\"text\" name=\"wpforms[hp]\" id=\"wpforms-147-field-hp\" class=\"wpforms-field-medium\"><\/div><div class=\"wpforms-submit-container\" ><input type=\"hidden\" name=\"wpforms[id]\" value=\"147\"><input type=\"hidden\" name=\"wpforms[author]\" value=\"1\"><button type=\"submit\" name=\"wpforms[submit]\" id=\"wpforms-submit-147\" class=\"wpforms-submit\" data-alt-text=\"Enviando\/Sending...\" data-submit-text=\"Enviar\/Submit\" aria-live=\"assertive\" value=\"wpforms-submit\">Enviar\/Submit<\/button><\/div><\/form><\/div>  <!-- .wpforms-container -->\n","protected":false},"excerpt":{"rendered":"<div class=\"address\">\n<h3>Address<\/h3>\n<ul class=\"blank\">\n<li class=\"street\">Carretera Playa del Ingl\u00e9s, 9<\/li>\n<li class=\"suburb\">Valle Gran Rey<\/li>\n<li class=\"state\">La Gomera, Tenerife<\/li>\n<li class=\"postcode\">38870<\/li>\n<li class=\"country\">Spain<\/li>\n<p><...\n<\/p>\n","protected":false},"author":1,"featured_media":0,"parent":0,"menu_order":5,"comment_status":"closed","ping_status":"closed","template":"","meta":{"footnotes":""},"class_list":["post-65","page","type-page","status-publish","hentry"],"_links":{"self":[{"href":"http:\/\/www.tarajales.net\/en_GB\/wp-json\/wp\/v2\/pages\/65","targetHints":{"allow":["GET"]}}],"collection":[{"href":"http:\/\/www.tarajales.net\/en_GB\/wp-json\/wp\/v2\/pages"}],"about":[{"href":"http:\/\/www.tarajales.net\/en_GB\/wp-json\/wp\/v2\/types\/page"}],"author":[{"embeddable":true,"href":"http:\/\/www.tarajales.net\/en_GB\/wp-json\/wp\/v2\/users\/1"}],"replies":[{"embeddable":true,"href":"http:\/\/www.tarajales.net\/en_GB\/wp-json\/wp\/v2\/comments?post=65"}],"version-history":[{"count":13,"href":"http:\/\/www.tarajales.net\/en_GB\/wp-json\/wp\/v2\/pages\/65\/revisions"}],"predecessor-version":[{"id":293,"href":"http:\/\/www.tarajales.net\/en_GB\/wp-json\/wp\/v2\/pages\/65\/revisions\/293"}],"wp:attachment":[{"href":"http:\/\/www.tarajales.net\/en_GB\/wp-json\/wp\/v2\/media?parent=65"}],"curies":[{"name":"wp","href":"https:\/\/api.w.org\/{rel}","templated":true}]}}