{"id":60,"date":"2018-08-16T23:00:45","date_gmt":"2018-08-16T23:00:45","guid":{"rendered":"http:\/\/www.tarajales.net\/?page_id=60"},"modified":"2018-10-28T18:52:14","modified_gmt":"2018-10-28T18:52:14","slug":"location","status":"publish","type":"page","link":"http:\/\/www.tarajales.net\/de_DE\/location\/","title":{"rendered":"Lage"},"content":{"rendered":"<p><a href=\"http:\/\/www.tarajales.net\/wp-content\/uploads\/2018\/08\/pegatina-puerta-Tarajales.jpg\"><img loading=\"lazy\" decoding=\"async\" class=\" wp-image-49 alignleft\" src=\"http:\/\/www.tarajales.net\/wp-content\/uploads\/2018\/08\/pegatina-puerta-Tarajales.jpg\" alt=\"\" width=\"158\" height=\"173\" srcset=\"http:\/\/www.tarajales.net\/wp-content\/uploads\/2018\/08\/pegatina-puerta-Tarajales.jpg 432w, http:\/\/www.tarajales.net\/wp-content\/uploads\/2018\/08\/pegatina-puerta-Tarajales-275x300.jpg 275w\" sizes=\"auto, (max-width: 158px) 100vw, 158px\" \/><\/a>Valle Gran Rey befindet sich in einer der eindrucksvollsten Schluchten der s\u00fcdwestlichsten K\u00fcste von La Gomera, wo sich dieses herrliche Tal mit einem Delta zum Meer hin \u00f6ffnet.<\/p>\n<p>Hier haben die Menschen von Valle Gran Rey im Laufe der Jahrhunderte zahlreiche Anbauterrassen in die steilen Bergh\u00e4nge skulptiert, welche ihnen Schutz zum Ernten geben. Heute noch \u00fcberw\u00e4ltigt diese spektakul\u00e4re und einzigartige Sch\u00f6nheit der Landschaft diejenigen, welche uns zum ersten Mal besuchen.<\/p>\n<p>Am Ende des Tales finden wir am Meer einen kleinen Fischerhafen und schwarze vulkanische Sandstr\u00e4nde, welche vom Wind durch die vertikalen H\u00f6hen der beidseitigen Berge Teguerguenche (668m) und La Merica (857m) gesch\u00fctzt sind.<\/p>\n<p>Vom Flughafen Teneriffa S\u00fcd bis zu unserer Anlage, empfehlen wir den Gomera Bus Transfer Mesa, welcher die Reisekosten erheblich reduziert und erleichtert:<\/p>\n<p><a href=\"https:\/\/www.autobusesmesa.es\/\" target=\"_blank\" rel=\"noopener\">https:\/\/www.autobusesmesa.es\/<\/a><\/p>\n<p>Andere M\u00f6glichkeiten:<\/p>\n<p><a href=\"https:\/\/www.fredolsen.es\/\" target=\"_blank\" rel=\"noopener\">https:\/\/www.fredolsen.es\/<\/a><\/p>\n<p><a href=\"https:\/\/www.navieraarmas.com\/\" target=\"_blank\" rel=\"noopener\">https:\/\/www.navieraarmas.com\/<\/a><\/p>\n<p><strong>Karte:<\/strong><\/p>\n<p><iframe loading=\"lazy\" style=\"border: 0;\" src=\"https:\/\/www.google.com\/maps\/embed?pb=!1m26!1m12!1m3!1d225290.96630344316!2d-17.126531960294674!3d28.080315780768576!2m3!1f0!2f0!3f0!3m2!1i1024!2i768!4f13.1!4m11!3e0!4m3!3m2!1d28.0058473!2d-16.6456752!4m5!1s0xc6b1cd05707ac39%3A0x663e899c380b4fc4!2slos+tarajales+valle+gran+rey+maps!3m2!1d28.0963921!2d-17.3445528!5e0!3m2!1ses!2ses!4v1536699429339\" width=\"900\" height=\"775\" frameborder=\"0\" allowfullscreen=\"allowfullscreen\"><\/iframe><br \/>\n<iframe loading=\"lazy\" src=\"https:\/\/player.vimeo.com\/video\/60745148\" width=\"640\" height=\"360\" frameborder=\"0\" allowfullscreen><\/iframe><\/p>\n","protected":false},"excerpt":{"rendered":"<p><a href=\"http:\/\/www.tarajales.net\/wp-content\/uploads\/2018\/08\/pegatina-puerta-Tarajales.jpg\"><img loading=\"lazy\" decoding=\"async\" class=\" wp-image-49 alignleft\" src=\"http:\/\/www.tarajales.net\/wp-content\/uploads\/2018\/08\/pegatina-puerta-Tarajales.jpg\" alt=\"\" width=\"158\" height=\"173\" srcset=\"http:\/\/www.tarajales.net\/wp-content\/uploads\/2018\/08\/pegatina-puerta-Tarajales.jpg 432w, http:\/\/www.tarajales.net\/wp-content\/uploads\/2018\/08\/pegatina-puerta-Tarajales-275x300.jpg 275w\" sizes=\"auto, (max-width: 158px) 100vw, 158px\" \/>&#8230;<\/p>\n","protected":false},"author":1,"featured_media":0,"parent":0,"menu_order":2,"comment_status":"closed","ping_status":"closed","template":"","meta":{"footnotes":""},"class_list":["post-60","page","type-page","status-publish","hentry"],"_links":{"self":[{"href":"http:\/\/www.tarajales.net\/de_DE\/wp-json\/wp\/v2\/pages\/60","targetHints":{"allow":["GET"]}}],"collection":[{"href":"http:\/\/www.tarajales.net\/de_DE\/wp-json\/wp\/v2\/pages"}],"about":[{"href":"http:\/\/www.tarajales.net\/de_DE\/wp-json\/wp\/v2\/types\/page"}],"author":[{"embeddable":true,"href":"http:\/\/www.tarajales.net\/de_DE\/wp-json\/wp\/v2\/users\/1"}],"replies":[{"embeddable":true,"href":"http:\/\/www.tarajales.net\/de_DE\/wp-json\/wp\/v2\/comments?post=60"}],"version-history":[{"count":25,"href":"http:\/\/www.tarajales.net\/de_DE\/wp-json\/wp\/v2\/pages\/60\/revisions"}],"predecessor-version":[{"id":314,"href":"http:\/\/www.tarajales.net\/de_DE\/wp-json\/wp\/v2\/pages\/60\/revisions\/314"}],"wp:attachment":[{"href":"http:\/\/www.tarajales.net\/de_DE\/wp-json\/wp\/v2\/media?parent=60"}],"curies":[{"name":"wp","href":"https:\/\/api.w.org\/{rel}","templated":true}]}}